{"id":3476,"date":"2018-07-26T18:09:56","date_gmt":"2018-07-26T16:09:56","guid":{"rendered":"http:\/\/www.darshana.it\/?page_id=3476"},"modified":"2025-03-27T12:01:10","modified_gmt":"2025-03-27T11:01:10","slug":"primal-essenziale","status":"publish","type":"page","link":"https:\/\/www.darshana.it\/index.php\/primal-essenziale\/","title":{"rendered":"Primal Essenziale"},"content":{"rendered":"[vc_row type=&#8221;full_width_background&#8221; full_screen_row_position=&#8221;middle&#8221; column_margin=&#8221;default&#8221; equal_height=&#8221;yes&#8221; content_placement=&#8221;middle&#8221; column_direction=&#8221;default&#8221; column_direction_tablet=&#8221;default&#8221; column_direction_phone=&#8221;default&#8221; scene_position=&#8221;center&#8221; top_padding=&#8221;8%&#8221; bottom_padding=&#8221;8%&#8221; text_color=&#8221;dark&#8221; text_align=&#8221;left&#8221; row_border_radius=&#8221;none&#8221; row_border_radius_applies=&#8221;bg&#8221; overflow=&#8221;visible&#8221; overlay_strength=&#8221;0.3&#8243; gradient_direction=&#8221;left_to_right&#8221; shape_divider_position=&#8221;bottom&#8221; bg_image_animation=&#8221;none&#8221;][vc_column column_padding=&#8221;no-extra-padding&#8221; column_padding_tablet=&#8221;inherit&#8221; column_padding_phone=&#8221;inherit&#8221; column_padding_position=&#8221;all&#8221; bottom_margin=&#8221;5%&#8221; column_element_spacing=&#8221;default&#8221; background_color_opacity=&#8221;1&#8243; background_hover_color_opacity=&#8221;1&#8243; column_shadow=&#8221;none&#8221; column_border_radius=&#8221;none&#8221; column_link_target=&#8221;_self&#8221; column_position=&#8221;default&#8221; gradient_direction=&#8221;left_to_right&#8221; overlay_strength=&#8221;0.3&#8243; width=&#8221;1\/3&#8243; tablet_width_inherit=&#8221;default&#8221; tablet_text_alignment=&#8221;default&#8221; phone_text_alignment=&#8221;default&#8221; animation_type=&#8221;default&#8221; bg_image_animation=&#8221;none&#8221; border_type=&#8221;simple&#8221; column_border_width=&#8221;none&#8221; column_border_style=&#8221;solid&#8221; offset=&#8221;vc_col-xs-12&#8243;][image_with_animation image_url=&#8221;5505&#8243; image_size=&#8221;full&#8221; animation_type=&#8221;entrance&#8221; animation=&#8221;Grow In&#8221; hover_animation=&#8221;none&#8221; alignment=&#8221;&#8221; border_radius=&#8221;5px&#8221; box_shadow=&#8221;large_depth&#8221; image_loading=&#8221;default&#8221; max_width=&#8221;100%&#8221; max_width_mobile=&#8221;default&#8221;][\/vc_column][vc_column column_padding=&#8221;no-extra-padding&#8221; column_padding_tablet=&#8221;inherit&#8221; column_padding_phone=&#8221;inherit&#8221; column_padding_position=&#8221;all&#8221; column_element_spacing=&#8221;default&#8221; background_color_opacity=&#8221;1&#8243; background_hover_color_opacity=&#8221;1&#8243; column_shadow=&#8221;none&#8221; column_border_radius=&#8221;none&#8221; column_link_target=&#8221;_self&#8221; column_position=&#8221;default&#8221; gradient_direction=&#8221;left_to_right&#8221; overlay_strength=&#8221;0.3&#8243; width=&#8221;1\/6&#8243; tablet_width_inherit=&#8221;default&#8221; tablet_text_alignment=&#8221;default&#8221; phone_text_alignment=&#8221;default&#8221; animation_type=&#8221;default&#8221; bg_image_animation=&#8221;none&#8221; border_type=&#8221;simple&#8221; column_border_width=&#8221;none&#8221; column_border_style=&#8221;solid&#8221; offset=&#8221;vc_col-xs-12&#8243;][\/vc_column][vc_column column_padding=&#8221;no-extra-padding&#8221; column_padding_tablet=&#8221;inherit&#8221; column_padding_phone=&#8221;inherit&#8221; column_padding_position=&#8221;all&#8221; column_element_spacing=&#8221;default&#8221; background_color_opacity=&#8221;1&#8243; background_hover_color_opacity=&#8221;1&#8243; column_shadow=&#8221;none&#8221; column_border_radius=&#8221;none&#8221; column_link_target=&#8221;_self&#8221; column_position=&#8221;default&#8221; gradient_direction=&#8221;left_to_right&#8221; overlay_strength=&#8221;0.3&#8243; width=&#8221;5\/12&#8243; tablet_width_inherit=&#8221;default&#8221; tablet_text_alignment=&#8221;default&#8221; phone_text_alignment=&#8221;default&#8221; animation_type=&#8221;default&#8221; bg_image_animation=&#8221;none&#8221; border_type=&#8221;simple&#8221; column_border_width=&#8221;none&#8221; column_border_style=&#8221;solid&#8221; offset=&#8221;vc_col-xs-12&#8243;][vc_row_inner column_margin=&#8221;default&#8221; column_direction=&#8221;default&#8221; column_direction_tablet=&#8221;default&#8221; column_direction_phone=&#8221;default&#8221; text_align=&#8221;left&#8221; row_position=&#8221;default&#8221; row_position_tablet=&#8221;inherit&#8221; row_position_phone=&#8221;inherit&#8221; overflow=&#8221;visible&#8221; pointer_events=&#8221;all&#8221;][vc_column_inner column_padding=&#8221;no-extra-padding&#8221; column_padding_tablet=&#8221;inherit&#8221; column_padding_phone=&#8221;inherit&#8221; column_padding_position=&#8221;all&#8221; column_element_spacing=&#8221;default&#8221; background_color_opacity=&#8221;1&#8243; background_hover_color_opacity=&#8221;1&#8243; column_shadow=&#8221;none&#8221; column_border_radius=&#8221;none&#8221; column_link_target=&#8221;_self&#8221; gradient_direction=&#8221;left_to_right&#8221; overlay_strength=&#8221;0.3&#8243; width=&#8221;1\/1&#8243; tablet_width_inherit=&#8221;default&#8221; animation_type=&#8221;default&#8221; enable_animation=&#8221;true&#8221; animation=&#8221;fade-in-from-bottom&#8221; bg_image_animation=&#8221;none&#8221; border_type=&#8221;simple&#8221; column_border_width=&#8221;none&#8221; column_border_style=&#8221;solid&#8221;][vc_custom_heading text=&#8221;Primal &#8211; Libert\u00e0 dal Passato&#8221; font_container=&#8221;tag:h3|text_align:left|color:rgba(0%2C0%2C0%2C0.75)&#8221; use_theme_fonts=&#8221;yes&#8221; css_animation=&#8221;none&#8221;][\/vc_column_inner][\/vc_row_inner][vc_row_inner column_margin=&#8221;default&#8221; column_direction=&#8221;default&#8221; column_direction_tablet=&#8221;default&#8221; column_direction_phone=&#8221;default&#8221; text_align=&#8221;left&#8221; row_position=&#8221;default&#8221; row_position_tablet=&#8221;inherit&#8221; row_position_phone=&#8221;inherit&#8221; overflow=&#8221;visible&#8221; pointer_events=&#8221;all&#8221;][vc_column_inner column_padding=&#8221;no-extra-padding&#8221; column_padding_tablet=&#8221;inherit&#8221; column_padding_phone=&#8221;inherit&#8221; column_padding_position=&#8221;all&#8221; column_element_spacing=&#8221;default&#8221; background_color_opacity=&#8221;1&#8243; background_hover_color_opacity=&#8221;1&#8243; column_shadow=&#8221;none&#8221; column_border_radius=&#8221;none&#8221; column_link_target=&#8221;_self&#8221; gradient_direction=&#8221;left_to_right&#8221; overlay_strength=&#8221;0.3&#8243; width=&#8221;1\/1&#8243; tablet_width_inherit=&#8221;default&#8221; animation_type=&#8221;default&#8221; enable_animation=&#8221;true&#8221; animation=&#8221;fade-in-from-bottom&#8221; bg_image_animation=&#8221;none&#8221; border_type=&#8221;simple&#8221; column_border_width=&#8221;none&#8221; column_border_style=&#8221;solid&#8221; delay=&#8221;50&#8243;][vc_custom_heading text=&#8221;La Trasformazione dei Condizionamenti ricevuti duranti l&#8217;Infanzia e il Lavoro profondo sulle Emozioni e sul Bambino Interiore, Riscoprire Se Stessi e Vivere la propria Vita con una chiarezza nuova.<\/p>\n<p>Passare dall&#8217;Amore Cieco all&#8217;Amore Consapevole, nell&#8217;Intensit\u00e0 del dedicarsi completamente a s\u00e8 durante il residenziale. Un&#8217;opportunit\u00e0 davvero grande per ri-connetterti a te stessa\/o e viverti in modo nuovo<\/p>\n<p>*Necessario Colloquio Preliminare +39 347 2470196&#8243; font_container=&#8221;tag:p|text_align:left|color:rgba(10%2C10%2C10%2C0.75)&#8221; use_theme_fonts=&#8221;yes&#8221; css_animation=&#8221;none&#8221;][image_with_animation image_url=&#8221;4984&#8243; image_size=&#8221;full&#8221; animation_type=&#8221;entrance&#8221; animation=&#8221;Fade In&#8221; hover_animation=&#8221;none&#8221; alignment=&#8221;center&#8221; border_radius=&#8221;none&#8221; box_shadow=&#8221;none&#8221; image_loading=&#8221;default&#8221; max_width=&#8221;100%&#8221; max_width_mobile=&#8221;default&#8221;][vc_custom_heading text=&#8221;E\u2019 un lavoro di base, necessario e trasformativo. Permette una nuova Nascita, una Nuova Visione di Se\u2019. Si fonda sull&#8217;esplorazione di quelle tematiche connesse all\u2019infanzia che ci separano dalle nostre qualit\u00e0 essenziali, il nostro Bambino Interiore, ed \u00e8 focalizzato al renderci liberi dal passato che a tutt\u2019oggi influenza il nostro modo di vivere le relazioni e la nostra vita.<\/p>\n<p>Gli schemi e i condizionamenti ricevuti ci hanno portato a separarci dalla nostra Autenticit\u00e0<br \/>\ne Vitalit\u00e0, portandoci a vivere maschere e costrizioni di comportamento. Ci siamo identificati con ci\u00f2 che non siamo, e dimenticato o soffocato chi siamo veramente.<\/p>\n<p>Lavorando sulle emozioni che ci impediscono di accedere al nostro Potenziale, sugli schemi mentali e con l\u2019aiuto del movimento corporeo, ritroviamo la nostra natura Essenziale e le nostre risorse. Tecniche di Meditazione attive e di rilassamento ci aiuteranno nel processo di integrazione.<\/p>\n<p>Dal Bambino Interiore all\u2019Adulto Consapevole e, con il supporto delle Meditazioni, un Adulto aperto allo spazio Universale cos\u00ec come era il Bambino Naturale, che sei avrai modo di tornare a te e al tuo quotidiano con entusiasmo e intento.<\/p>\n<p>Una Nuova Vita.&#8221; font_container=&#8221;tag:p|text_align:left|color:rgba(10%2C10%2C10%2C0.75)&#8221; use_theme_fonts=&#8221;yes&#8221; css_animation=&#8221;none&#8221; css=&#8221;.vc_custom_1532624825850{padding-top: 40px !important;}&#8221;][nectar_cta btn_style=&#8221;see-through&#8221; heading_tag=&#8221;h4&#8243; button_color=&#8221;default&#8221; button_border_thickness=&#8221;0px&#8221; link_type=&#8221;regular&#8221; alignment=&#8221;left&#8221; alignment_tablet=&#8221;default&#8221; alignment_phone=&#8221;default&#8221; display=&#8221;block&#8221; display_tablet=&#8221;inherit&#8221; display_phone=&#8221;inherit&#8221; link_text=&#8221;Per informazioni&#8221; url=&#8221;http:\/\/www.darshana.it\/index.php\/contatti&#8221;]<div class=\"iwithtext\"><div class=\"iwt-icon\"> <i class=\"icon-default-style fa fa-glass extra-color-1\"><\/i> <\/div><div class=\"iwt-text\"> \n<h2><span class=\"Apple-converted-space\">\u00a0 <\/span>Primal Essenziale 2025<\/h2>\n<p><span class=\"Apple-converted-space\">\u00a0<\/span><b>Primal Essenziale<\/b> \u00e8 per te l\u2019inizio di una NuovaVita, di una nuova Comprensione. Primal Essenziale \u00e8 un processo<span class=\"Apple-converted-space\">\u00a0<\/span> profondo e trasformativo: cambia la tua Vita e le tue prospettive.Ti offre la possibilit\u00e0 di romperele costrizioni che hai vissuto<span class=\"Apple-converted-space\">\u00a0 <\/span>perch\u00e9 intrappolato in ci\u00f2 che non \u00e8 vero, in ci\u00f2 che non sei. <b>Hai vissuto dimenticandoti <\/b><b>chi sei <\/b><b>veramente.<\/b><\/p>\n<p>In questo gruppo intensivo hai modo di liberarti dalle catene delle false convinzioni, toglierti le maschere che impediscono al tuo volto originario di emergere, ri-scoprendo<span class=\"Apple-converted-space\">\u00a0<\/span> Il Tuo Bambino Essenziale, la tua Natura!<\/p>\n<p>Emozioni soffocate o bloccate, giudicate, hanno bisogno di essere vissute,<\/p>\n<p>ti chiamano. Lasciando andare i preconcetti e le convinzioni, incontri il tuo bambino interiore, dando cos\u00ec voce ai sentimenti che vuole esprimere. Il coraggio e la forza che sono in te vengono sostenuti in un clima di totale accettazione e protezione. <b>Sei al <\/b><b>Sicuro.Torni<\/b><b> <\/b><b>a Casa<\/b>. Spezzando il legame con i<span class=\"Apple-converted-space\">\u00a0 <\/span>condizionamenti che ti hanno tenuto vincolato, <b>sciogli la <\/b><b>sofferenza<\/b><b> <\/b><b>che<\/b><b> <\/b><b>impedisce alla tua vita di fiorire.<\/b> In questa rinascita abbracci con<span class=\"Apple-converted-space\">\u00a0<\/span> il cuore aperto nella gratitudine laVita, riconciliandoti profondamente con<span class=\"Apple-converted-space\">\u00a0<\/span> chi te l&#8217;ha donata, i tuoi Genitori. Allora la Meditazione, come connessione<span class=\"Apple-converted-space\">\u00a0<\/span> con l\u2019Universo, diventa per te una Dimensione di Sostegno e Forza.<\/p>\n<p>Ogni Anima Viene al mondo guidata dal suo Daimon, il Genio o Angelo Custode, che la guida per poter manifestare il proprio Disegno di Vita..<\/p>\n<p>Diventa ESSENZIALE ritrovare il Bambino Interiore, che ci chiama alla nostra Missione, <b>alla <\/b><b>Nostra<\/b><b> <\/b><b>Visione, per <\/b><b>farci<\/b><b> <\/b><b>sentire<\/b><b> <\/b><b>al <\/b><b>nostro<\/b><b> <\/b><b>posto, a Casa.<\/b><img fetchpriority=\"high\" decoding=\"async\" class=\"alignleft wp-image-4973\" src=\"https:\/\/www.darshana.it\/wp-content\/uploads\/2021\/05\/Breakthroughsmall-239x300.jpeg\" alt=\"Aprirsi Un Varco\" width=\"225\" height=\"282\" srcset=\"https:\/\/www.darshana.it\/wp-content\/uploads\/2021\/05\/Breakthroughsmall-239x300.jpeg 239w, https:\/\/www.darshana.it\/wp-content\/uploads\/2021\/05\/Breakthroughsmall-815x1024.jpeg 815w, https:\/\/www.darshana.it\/wp-content\/uploads\/2021\/05\/Breakthroughsmall-768x965.jpeg 768w, https:\/\/www.darshana.it\/wp-content\/uploads\/2021\/05\/Breakthroughsmall.jpeg 1034w\" sizes=\"(max-width: 225px) 100vw, 225px\" \/><\/p>\n<p>&nbsp;<\/p>\n<p>&nbsp;<\/p>\n<p>&nbsp;<\/p>\n<p>&nbsp;<\/p>\n<p>&nbsp;<\/p>\n<p>&nbsp;<\/p>\n<p>&nbsp;<\/p>\n<p>&nbsp;<\/p>\n<p>&nbsp;<\/p>\n<p>&nbsp;<\/p>\n<p><strong>Residenziale Intensivo di 5 giorni APERTO a TUTTI.<\/strong><\/p>\n<p>Richiesto un colloquio individuale pre-iscrizione (telefono o skype)<\/p>\n<p><strong>DATE e ORARI<\/strong><\/p>\n<p><strong>GIUGNO 2025<\/strong><\/p>\n<p><strong>dal 17 * sera \u00a0al 22 pomeriggio<\/strong><\/p>\n<p><strong>carpooling nei pressi<span class=\"Apple-converted-space\">\u00a0<\/span><\/strong><\/p>\n<p><strong>DOVE SI SVOLGE<\/strong><\/p>\n<p>Casolare Chignoletti ( Palazzago, Bg)<\/p>\n<p><a href=\"http:\/\/chignoletti.it\">chignoletti.it<\/a><\/p>\n<p>Telef 331 3129298<\/p>\n<p><strong>COME ARRIVARE<\/strong><\/p>\n<p>Vi daremo informazioni sul luogo di ritrovo, anche per carpooling<\/p>\n<p><strong>PREPARAZIONE<\/strong><\/p>\n<p>Agli iscritti verranno date indicazioni sulla preparazione al seminario<\/p>\n<p><strong>COSTI<\/strong><\/p>\n<p>chiedi info aggiornate anche x gli sconti!<\/p>\n<p><strong><span class=\"Apple-converted-space\">\u00a0<\/span>VITTO e ALLOGGIO<\/strong> &#8211; trattamento di pensione completa<\/p>\n<ul>\n<li>Camere doppie o triple<\/li>\n<li>NB i pasti sono vegetariani e vegani. Il men\u00f9 \u00e8 associato al tipo di lavoro che viene svolto<\/li>\n<\/ul>\n<p><strong>COSA PORTARE<\/strong><\/p>\n<p>Abiti comodi e a tipo tuta, diversi cambi di t-shirt, calzettoni, un abito bianco pantaloni e maglietta per meditazione serale, felpa o scialle. Lenzuola ( o sacco a pelo), Asciugamani, Costume da bagno<\/p>\n<p><b>NB:<\/b><b> <\/b><b>Il seminario \u00e8 <\/b><b>intensivo.<\/b><b> <\/b><b>\u00c8 bene che non si abbiano sospesi di <\/b><b>lavoro<\/b><b> <\/b><b>in corso<\/b><\/p>\n<p>Per informazioni e prenotazione \u00a0Darshana Elena<\/p>\n<p><b>whatsapp <\/b><b>+39 347 2470196<\/b><\/p>\n<p><b>email:<\/b><b> <\/b><b>info@darshana.it \u00a0 \u00a0 \u00a0web:<\/b><b> <\/b><b>www.darshana.it<\/b><\/p>\n<p>Canale You Tube: Darshana Elena<\/p>\n<p>FaceBook: Accademia ESTschool e Darshana Elena <\/div><div class=\"clear\"><\/div><\/div>[\/vc_column_inner][\/vc_row_inner][\/vc_column][\/vc_row]\n<!-- AddThis Advanced Settings generic via filter on the_content -->","protected":false},"excerpt":{"rendered":"<p>[vc_row type=&#8221;full_width_background&#8221; full_screen_row_position=&#8221;middle&#8221; column_margin=&#8221;default&#8221; equal_height=&#8221;yes&#8221; content_placement=&#8221;middle&#8221; column_direction=&#8221;default&#8221; column_direction_tablet=&#8221;default&#8221; column_direction_phone=&#8221;default&#8221; scene_position=&#8221;center&#8221; top_padding=&#8221;8%&#8221; bottom_padding=&#8221;8%&#8221; text_color=&#8221;dark&#8221; text_align=&#8221;left&#8221; row_border_radius=&#8221;none&#8221; row_border_radius_applies=&#8221;bg&#8221; overflow=&#8221;visible&#8221; overlay_strength=&#8221;0.3&#8243; gradient_direction=&#8221;left_to_right&#8221; shape_divider_position=&#8221;bottom&#8221; bg_image_animation=&#8221;none&#8221;][vc_column column_padding=&#8221;no-extra-padding&#8221; column_padding_tablet=&#8221;inherit&#8221; column_padding_phone=&#8221;inherit&#8221; column_padding_position=&#8221;all&#8221; bottom_margin=&#8221;5%&#8221; column_element_spacing=&#8221;default&#8221; background_color_opacity=&#8221;1&#8243; background_hover_color_opacity=&#8221;1&#8243; column_shadow=&#8221;none&#8221;&#8230;<!-- AddThis Advanced Settings generic via filter on get_the_excerpt --><\/p>\n","protected":false},"author":1,"featured_media":0,"parent":0,"menu_order":0,"comment_status":"closed","ping_status":"closed","template":"","meta":{"footnotes":""},"class_list":["post-3476","page","type-page","status-publish"],"_links":{"self":[{"href":"https:\/\/www.darshana.it\/index.php\/wp-json\/wp\/v2\/pages\/3476","targetHints":{"allow":["GET"]}}],"collection":[{"href":"https:\/\/www.darshana.it\/index.php\/wp-json\/wp\/v2\/pages"}],"about":[{"href":"https:\/\/www.darshana.it\/index.php\/wp-json\/wp\/v2\/types\/page"}],"author":[{"embeddable":true,"href":"https:\/\/www.darshana.it\/index.php\/wp-json\/wp\/v2\/users\/1"}],"replies":[{"embeddable":true,"href":"https:\/\/www.darshana.it\/index.php\/wp-json\/wp\/v2\/comments?post=3476"}],"version-history":[{"count":13,"href":"https:\/\/www.darshana.it\/index.php\/wp-json\/wp\/v2\/pages\/3476\/revisions"}],"predecessor-version":[{"id":5507,"href":"https:\/\/www.darshana.it\/index.php\/wp-json\/wp\/v2\/pages\/3476\/revisions\/5507"}],"wp:attachment":[{"href":"https:\/\/www.darshana.it\/index.php\/wp-json\/wp\/v2\/media?parent=3476"}],"curies":[{"name":"wp","href":"https:\/\/api.w.org\/{rel}","templated":true}]}}