{"id":3478,"date":"2018-07-26T18:10:10","date_gmt":"2018-07-26T16:10:10","guid":{"rendered":"http:\/\/www.darshana.it\/?page_id=3478"},"modified":"2023-04-08T18:55:37","modified_gmt":"2023-04-08T16:55:37","slug":"corsi","status":"publish","type":"page","link":"https:\/\/www.darshana.it\/index.php\/corsi\/","title":{"rendered":"Astrologia Karmica"},"content":{"rendered":"[vc_row type=&#8221;full_width_background&#8221; full_screen_row_position=&#8221;middle&#8221; column_margin=&#8221;default&#8221; equal_height=&#8221;yes&#8221; content_placement=&#8221;middle&#8221; column_direction=&#8221;default&#8221; column_direction_tablet=&#8221;default&#8221; column_direction_phone=&#8221;default&#8221; scene_position=&#8221;center&#8221; top_padding=&#8221;8%&#8221; bottom_padding=&#8221;8%&#8221; text_color=&#8221;dark&#8221; text_align=&#8221;left&#8221; row_border_radius=&#8221;none&#8221; row_border_radius_applies=&#8221;bg&#8221; overflow=&#8221;visible&#8221; overlay_strength=&#8221;0.3&#8243; gradient_direction=&#8221;left_to_right&#8221; shape_divider_position=&#8221;bottom&#8221; bg_image_animation=&#8221;none&#8221;][vc_column column_padding=&#8221;no-extra-padding&#8221; column_padding_tablet=&#8221;inherit&#8221; column_padding_phone=&#8221;inherit&#8221; column_padding_position=&#8221;all&#8221; bottom_margin=&#8221;5%&#8221; column_element_spacing=&#8221;default&#8221; centered_text=&#8221;true&#8221; background_color_opacity=&#8221;1&#8243; background_hover_color_opacity=&#8221;1&#8243; column_shadow=&#8221;none&#8221; column_border_radius=&#8221;none&#8221; column_link_target=&#8221;_self&#8221; column_position=&#8221;default&#8221; gradient_direction=&#8221;left_to_right&#8221; overlay_strength=&#8221;0.3&#8243; width=&#8221;1\/3&#8243; tablet_width_inherit=&#8221;default&#8221; tablet_text_alignment=&#8221;default&#8221; phone_text_alignment=&#8221;default&#8221; animation_type=&#8221;default&#8221; bg_image_animation=&#8221;none&#8221; border_type=&#8221;simple&#8221; column_border_width=&#8221;none&#8221; column_border_style=&#8221;solid&#8221; offset=&#8221;vc_col-xs-12&#8243;][image_with_animation image_url=&#8221;4223&#8243; image_size=&#8221;full&#8221; animation_type=&#8221;entrance&#8221; animation=&#8221;Grow In&#8221; hover_animation=&#8221;none&#8221; alignment=&#8221;center&#8221; border_radius=&#8221;5px&#8221; box_shadow=&#8221;large_depth&#8221; image_loading=&#8221;default&#8221; max_width=&#8221;100%&#8221; max_width_mobile=&#8221;default&#8221;][\/vc_column][vc_column column_padding=&#8221;no-extra-padding&#8221; column_padding_tablet=&#8221;inherit&#8221; column_padding_phone=&#8221;inherit&#8221; column_padding_position=&#8221;all&#8221; column_element_spacing=&#8221;default&#8221; background_color_opacity=&#8221;1&#8243; background_hover_color_opacity=&#8221;1&#8243; column_shadow=&#8221;none&#8221; column_border_radius=&#8221;none&#8221; column_link_target=&#8221;_self&#8221; column_position=&#8221;default&#8221; gradient_direction=&#8221;left_to_right&#8221; overlay_strength=&#8221;0.3&#8243; width=&#8221;1\/6&#8243; tablet_width_inherit=&#8221;default&#8221; tablet_text_alignment=&#8221;default&#8221; phone_text_alignment=&#8221;default&#8221; animation_type=&#8221;default&#8221; bg_image_animation=&#8221;none&#8221; border_type=&#8221;simple&#8221; column_border_width=&#8221;none&#8221; column_border_style=&#8221;solid&#8221; offset=&#8221;vc_col-xs-12&#8243;][\/vc_column][vc_column column_padding=&#8221;no-extra-padding&#8221; column_padding_tablet=&#8221;inherit&#8221; column_padding_phone=&#8221;inherit&#8221; column_padding_position=&#8221;all&#8221; column_element_spacing=&#8221;default&#8221; background_color_opacity=&#8221;1&#8243; background_hover_color_opacity=&#8221;1&#8243; column_shadow=&#8221;none&#8221; column_border_radius=&#8221;none&#8221; column_link_target=&#8221;_self&#8221; column_position=&#8221;default&#8221; gradient_direction=&#8221;left_to_right&#8221; overlay_strength=&#8221;0.3&#8243; width=&#8221;5\/12&#8243; tablet_width_inherit=&#8221;default&#8221; tablet_text_alignment=&#8221;default&#8221; phone_text_alignment=&#8221;default&#8221; animation_type=&#8221;default&#8221; bg_image_animation=&#8221;none&#8221; border_type=&#8221;simple&#8221; column_border_width=&#8221;none&#8221; column_border_style=&#8221;solid&#8221; offset=&#8221;vc_col-xs-12&#8243;][vc_row_inner column_margin=&#8221;default&#8221; column_direction=&#8221;default&#8221; column_direction_tablet=&#8221;default&#8221; column_direction_phone=&#8221;default&#8221; text_align=&#8221;left&#8221; row_position=&#8221;default&#8221; row_position_tablet=&#8221;inherit&#8221; row_position_phone=&#8221;inherit&#8221; overflow=&#8221;visible&#8221; pointer_events=&#8221;all&#8221;][vc_column_inner column_padding=&#8221;no-extra-padding&#8221; column_padding_tablet=&#8221;inherit&#8221; column_padding_phone=&#8221;inherit&#8221; column_padding_position=&#8221;all&#8221; column_element_spacing=&#8221;default&#8221; background_color_opacity=&#8221;1&#8243; background_hover_color_opacity=&#8221;1&#8243; column_shadow=&#8221;none&#8221; column_border_radius=&#8221;none&#8221; column_link_target=&#8221;_self&#8221; gradient_direction=&#8221;left_to_right&#8221; overlay_strength=&#8221;0.3&#8243; width=&#8221;1\/1&#8243; tablet_width_inherit=&#8221;default&#8221; animation_type=&#8221;default&#8221; enable_animation=&#8221;true&#8221; animation=&#8221;fade-in-from-bottom&#8221; bg_image_animation=&#8221;none&#8221; border_type=&#8221;simple&#8221; column_border_width=&#8221;none&#8221; column_border_style=&#8221;solid&#8221;][vc_custom_heading text=&#8221;Astrologia Esperienziale e Karmica<br \/>\nLe Costellazioni Astrologiche LIVE<\/p>\n<p>&#8221; font_container=&#8221;tag:h3|text_align:left|color:rgba(0%2C0%2C0%2C0.75)&#8221; use_theme_fonts=&#8221;yes&#8221; css_animation=&#8221;none&#8221;][\/vc_column_inner][\/vc_row_inner][vc_row_inner column_margin=&#8221;default&#8221; column_direction=&#8221;default&#8221; column_direction_tablet=&#8221;default&#8221; column_direction_phone=&#8221;default&#8221; text_align=&#8221;left&#8221; row_position=&#8221;default&#8221; row_position_tablet=&#8221;inherit&#8221; row_position_phone=&#8221;inherit&#8221; overflow=&#8221;visible&#8221; pointer_events=&#8221;all&#8221;][vc_column_inner column_padding=&#8221;no-extra-padding&#8221; column_padding_tablet=&#8221;inherit&#8221; column_padding_phone=&#8221;inherit&#8221; column_padding_position=&#8221;all&#8221; column_element_spacing=&#8221;default&#8221; background_color_opacity=&#8221;1&#8243; background_hover_color_opacity=&#8221;1&#8243; column_shadow=&#8221;none&#8221; column_border_radius=&#8221;none&#8221; column_link_target=&#8221;_self&#8221; gradient_direction=&#8221;left_to_right&#8221; overlay_strength=&#8221;0.3&#8243; width=&#8221;1\/1&#8243; tablet_width_inherit=&#8221;default&#8221; animation_type=&#8221;default&#8221; enable_animation=&#8221;true&#8221; animation=&#8221;fade-in-from-bottom&#8221; bg_image_animation=&#8221;none&#8221; border_type=&#8221;simple&#8221; column_border_width=&#8221;none&#8221; column_border_style=&#8221;solid&#8221; delay=&#8221;50&#8243;][vc_column_text css_animation=&#8221;none&#8221; css=&#8221;.vc_custom_1536907721969{margin-top: 20px !important;margin-bottom: 5px !important;}&#8221;][\/vc_column_text][vc_custom_heading text=&#8221;Astrologia Esperienziale &amp; Karmica<br \/>\nLa Scienza dell\u2019Evoluzione dell\u2019Anima<\/p>\n<p>conduce Darshana Elena Scola<\/p>\n<p>La Mistica delle Reincarnazioni \u00e8 la chiave di volta che da sempre ha affascinato ogni ricercatore spirituale:<\/p>\n<p>da dove vengo, qual\u2019\u00e8 il mio scopo, dove posso realizzarmi?<\/p>\n<p>L&#8217; Astrologia Karmica cerca le risposte da una particolare prospettiva: l\u2019Evoluzione dell\u2019Anima dalle incarnazioni precedenti all\u2019Adesso, a questa Vita.<br \/>\nE lo fa studiando il Tema Natale Astrologico, dato dalla posizione dei Pianeti, dei Segni zodiacali e di particolari aspetti all\u2019 atto della nascita di ogni persona o situazione:<br \/>\nKarma, la somma delle azioni del passato, e Dharma, la nuova direzione,<\/p>\n<p>Pensare al viaggio attraverso il tempo \u00e8 una via per andare in profondit\u00e0, scoprire ci\u00f2 che spinge alla ripetizione di atteggiamenti e azioni per poter cambiare, e intraprendere nuove azioni.<br \/>\nE\u2019 quindi una Meditazione, un modo di riportare l\u2019attenzione al Presente, fidarsi della propria intuizione e saggezza per comprendere il proprio destino, allineato alle Leggi della Vita e alla capacit\u00e0 di scelta , il libero arbitrio.<\/p>\n<p>Cosa faremo ?<\/p>\n<p>In questo workshop scopriamo il Mandala della nostra Carta del Cielo, l\u2019immagine che rappresenta la nostra individualit\u00e0 e disegna il nostro progetto di Vita: le risorse, le sfide, il potenziale.<br \/>\nStudiamo gli elementi fondamentali di Astrologia Karmica per essere in grado di leggere e interpretare un Tema Natale:<\/p>\n<p>I Modelli Karmici<br \/>\nLe Dominanti degli Elementi<br \/>\nLe Configurazioni e leggi Karmiche<br \/>\nI Segni Intercettati e i Nodi Lunari<br \/>\nLe Case e la loro importanza<br \/>\nChirone. Il Guaritore Interiore<br \/>\nI Pianeti Retrogradi<\/p>\n<p>Il seminario \u00e8 teorico &#8211; pratico, \u00e8 aperto a tutti, sia principianti che esperti di Astrologia.<br \/>\nLaboratori di Astrologia Esperienziale, Meditazioni guidate, Carte Simboliche, tecniche di respiro, l\u2019uso dei colori e la pratica dei suoni faranno di questa esperienza un Viaggio di scoperta e di magia: l\u2019 apertura di un portale che ti offra la possibilit\u00e0 di comprendere a fondo la tua Direzione di Vita.<\/p>\n<p>Ogni partecipante ricever\u00e0 la sua Carta del Cielo e avr\u00e0 modo di esplorarne gli aspetti principali in Chiave Karmica<\/p>\n<p>Requisiti: all\u2019atto dell\u2019iscrizione \u00e8 necessario dare Data, Ora e Luogo (Citt\u00e0- Nazione) di Nascita<\/p>\n<p>NB: possibilit\u00e0 Consulti Individuali&#8221; font_container=&#8221;tag:p|text_align:left|color:rgba(10%2C10%2C10%2C0.75)&#8221; use_theme_fonts=&#8221;yes&#8221; css_animation=&#8221;none&#8221;][nectar_btn size=&#8221;medium&#8221; button_style=&#8221;regular&#8221; button_color_2=&#8221;Accent-Color&#8221; icon_family=&#8221;none&#8221; url=&#8221;http:\/\/www.darshana.it\/index.php\/contatti\/&#8221; text=&#8221;Iscrizione&#8221;][\/vc_column_inner][\/vc_row_inner][\/vc_column][\/vc_row]\n<!-- AddThis Advanced Settings generic via filter on the_content -->","protected":false},"excerpt":{"rendered":"<p>[vc_row type=&#8221;full_width_background&#8221; full_screen_row_position=&#8221;middle&#8221; column_margin=&#8221;default&#8221; equal_height=&#8221;yes&#8221; content_placement=&#8221;middle&#8221; column_direction=&#8221;default&#8221; column_direction_tablet=&#8221;default&#8221; column_direction_phone=&#8221;default&#8221; scene_position=&#8221;center&#8221; top_padding=&#8221;8%&#8221; bottom_padding=&#8221;8%&#8221; text_color=&#8221;dark&#8221; text_align=&#8221;left&#8221; row_border_radius=&#8221;none&#8221; row_border_radius_applies=&#8221;bg&#8221; overflow=&#8221;visible&#8221; overlay_strength=&#8221;0.3&#8243; gradient_direction=&#8221;left_to_right&#8221; shape_divider_position=&#8221;bottom&#8221; bg_image_animation=&#8221;none&#8221;][vc_column column_padding=&#8221;no-extra-padding&#8221; column_padding_tablet=&#8221;inherit&#8221; column_padding_phone=&#8221;inherit&#8221; column_padding_position=&#8221;all&#8221; bottom_margin=&#8221;5%&#8221; column_element_spacing=&#8221;default&#8221; centered_text=&#8221;true&#8221; background_color_opacity=&#8221;1&#8243; background_hover_color_opacity=&#8221;1&#8243;&#8230;<!-- AddThis Advanced Settings generic via filter on get_the_excerpt --><\/p>\n","protected":false},"author":1,"featured_media":0,"parent":0,"menu_order":0,"comment_status":"closed","ping_status":"closed","template":"","meta":{"footnotes":""},"class_list":["post-3478","page","type-page","status-publish"],"_links":{"self":[{"href":"https:\/\/www.darshana.it\/index.php\/wp-json\/wp\/v2\/pages\/3478","targetHints":{"allow":["GET"]}}],"collection":[{"href":"https:\/\/www.darshana.it\/index.php\/wp-json\/wp\/v2\/pages"}],"about":[{"href":"https:\/\/www.darshana.it\/index.php\/wp-json\/wp\/v2\/types\/page"}],"author":[{"embeddable":true,"href":"https:\/\/www.darshana.it\/index.php\/wp-json\/wp\/v2\/users\/1"}],"replies":[{"embeddable":true,"href":"https:\/\/www.darshana.it\/index.php\/wp-json\/wp\/v2\/comments?post=3478"}],"version-history":[{"count":22,"href":"https:\/\/www.darshana.it\/index.php\/wp-json\/wp\/v2\/pages\/3478\/revisions"}],"predecessor-version":[{"id":5241,"href":"https:\/\/www.darshana.it\/index.php\/wp-json\/wp\/v2\/pages\/3478\/revisions\/5241"}],"wp:attachment":[{"href":"https:\/\/www.darshana.it\/index.php\/wp-json\/wp\/v2\/media?parent=3478"}],"curies":[{"name":"wp","href":"https:\/\/api.w.org\/{rel}","templated":true}]}}